{"id":206,"date":"2024-09-07T19:12:35","date_gmt":"2024-09-07T19:12:35","guid":{"rendered":"http:\/\/localhost\/eshti\/?page_id=206"},"modified":"2025-02-20T14:56:35","modified_gmt":"2025-02-20T14:56:35","slug":"historial-da-eshti","status":"publish","type":"page","link":"https:\/\/www.esnec.uem.mz\/index.php\/historial-da-eshti\/","title":{"rendered":"Historial da ESNEC"},"content":{"rendered":"\t\t<div data-elementor-type=\"wp-page\" data-elementor-id=\"206\" class=\"elementor elementor-206\" data-elementor-post-type=\"page\">\n\t\t\t\t<div class=\"elementor-element elementor-element-2da1527 e-flex e-con-boxed e-con e-parent\" data-id=\"2da1527\" data-element_type=\"container\">\n\t\t\t\t\t<div class=\"e-con-inner\">\n\t\t\t\t<div class=\"elementor-element elementor-element-4b62e7b elementor-widget elementor-widget-text-editor\" data-id=\"4b62e7b\" data-element_type=\"widget\" data-widget_type=\"text-editor.default\">\n\t\t\t\t<div class=\"elementor-widget-container\">\n\t\t\t\t\t\t\t\t\t<p>A Escola Superior de Neg\u00f3cios e Empreendedorismo de Chibuto (ESNEC) est\u00e1 sedeada nas esquinas das Avenidas Samora Machel e 25 de Setembro na cidade de Chibuto, prov\u00edncia de Gaza, foi criada pela aprova\u00e7\u00e3o do Conselho Universit\u00e1rio de 25 de Novembro de 2008.<\/p><p>A ESNEC iniciou as suas actividades em 2 de Mar\u00e7o de 2009, com os cursos de licenciatura em Agroneg\u00f3cios, Finan\u00e7as, Gest\u00e3o &amp; Lideran\u00e7a e Com\u00e9rcio. Em finais de 2009, a Empresa Corridor Sands, cedeu \u00e0 UEM-ESNEC, o Hotel de Chibuto, na condi\u00e7\u00e3o da institui\u00e7\u00e3o introduzir o curso de Agricultura Comercial, facto que ocorreu em 2010. As instala\u00e7\u00f5es do hotel s\u00e3o exploradas para desenvolvimento acad\u00e9mico e \u00e9 onde est\u00e1 instalado o laborat\u00f3rio de Pr\u00e1tica e Simula\u00e7\u00e3o Empresarial e alguns escrit\u00f3rios e servem de apoio \u00e0 comunidade local nas vertentes hoteleira e desenvolvimento local.<\/p><p>Com a necessidade de se adequar \u00e0 din\u00e2mica actual, a ESNEC procedeu, em 2012, a revis\u00e3o curricular dos seus cursos, o que culminou com a restrutura\u00e7\u00e3o dos <em>curricula<\/em>. Assim, a ESNEC actualmente oferece os cursos de licenciatura em: Agroneg\u00f3cios, Agricultura Comercial, Finan\u00e7as, Gest\u00e3o Comercial (em substitui\u00e7\u00e3o de Com\u00e9rcio) e Gest\u00e3o de Empresas (em substitui\u00e7\u00e3o de Gest\u00e3o e Lideran\u00e7a).<\/p><p>A institui\u00e7\u00e3o possui dois campos de pr\u00e1ticas de agricultura, nomeadamente o campo de Mukotwene com 32.0 hectares e de Vilas do Mil\u00e9nio 1.0 hectare. Possui tamb\u00e9m, em Cochombane, posto administrativo de Malehice, uma \u00e1rea de 20 hectares, onde est\u00e3o sendo implantadas as futuras instala\u00e7\u00f5es.<\/p>\t\t\t\t\t\t\t\t<\/div>\n\t\t\t\t<\/div>\n\t\t\t\t\t<\/div>\n\t\t\t\t<\/div>\n\t\t\t\t<\/div>\n\t\t","protected":false},"excerpt":{"rendered":"<p>A Escola Superior de Neg\u00f3cios e Empreendedorismo de Chibuto (ESNEC) est\u00e1 sedeada nas esquinas das Avenidas Samora Machel e 25 [&hellip;]<\/p>\n","protected":false},"author":1,"featured_media":0,"parent":0,"menu_order":0,"comment_status":"closed","ping_status":"closed","template":"","meta":{"site-sidebar-layout":"no-sidebar","site-content-layout":"","ast-site-content-layout":"full-width-container","site-content-style":"default","site-sidebar-style":"default","ast-global-header-display":"","ast-banner-title-visibility":"","ast-main-header-display":"","ast-hfb-above-header-display":"","ast-hfb-below-header-display":"","ast-hfb-mobile-header-display":"","site-post-title":"disabled","ast-breadcrumbs-content":"","ast-featured-img":"disabled","footer-sml-layout":"","theme-transparent-header-meta":"","adv-header-id-meta":"","stick-header-meta":"","header-above-stick-meta":"","header-main-stick-meta":"","header-below-stick-meta":"","astra-migrate-meta-layouts":"default","ast-page-background-enabled":"default","ast-page-background-meta":{"desktop":{"background-color":"var(--ast-global-color-4)","background-image":"","background-repeat":"repeat","background-position":"center center","background-size":"auto","background-attachment":"scroll","background-type":"","background-media":"","overlay-type":"","overlay-color":"","overlay-opacity":"","overlay-gradient":""},"tablet":{"background-color":"","background-image":"","background-repeat":"repeat","background-position":"center center","background-size":"auto","background-attachment":"scroll","background-type":"","background-media":"","overlay-type":"","overlay-color":"","overlay-opacity":"","overlay-gradient":""},"mobile":{"background-color":"","background-image":"","background-repeat":"repeat","background-position":"center center","background-size":"auto","background-attachment":"scroll","background-type":"","background-media":"","overlay-type":"","overlay-color":"","overlay-opacity":"","overlay-gradient":""}},"ast-content-background-meta":{"desktop":{"background-color":"var(--ast-global-color-5)","background-image":"","background-repeat":"repeat","background-position":"center center","background-size":"auto","background-attachment":"scroll","background-type":"","background-media":"","overlay-type":"","overlay-color":"","overlay-opacity":"","overlay-gradient":""},"tablet":{"background-color":"var(--ast-global-color-5)","background-image":"","background-repeat":"repeat","background-position":"center center","background-size":"auto","background-attachment":"scroll","background-type":"","background-media":"","overlay-type":"","overlay-color":"","overlay-opacity":"","overlay-gradient":""},"mobile":{"background-color":"var(--ast-global-color-5)","background-image":"","background-repeat":"repeat","background-position":"center center","background-size":"auto","background-attachment":"scroll","background-type":"","background-media":"","overlay-type":"","overlay-color":"","overlay-opacity":"","overlay-gradient":""}},"footnotes":""},"class_list":["post-206","page","type-page","status-publish","hentry"],"_links":{"self":[{"href":"https:\/\/www.esnec.uem.mz\/index.php\/wp-json\/wp\/v2\/pages\/206","targetHints":{"allow":["GET"]}}],"collection":[{"href":"https:\/\/www.esnec.uem.mz\/index.php\/wp-json\/wp\/v2\/pages"}],"about":[{"href":"https:\/\/www.esnec.uem.mz\/index.php\/wp-json\/wp\/v2\/types\/page"}],"author":[{"embeddable":true,"href":"https:\/\/www.esnec.uem.mz\/index.php\/wp-json\/wp\/v2\/users\/1"}],"replies":[{"embeddable":true,"href":"https:\/\/www.esnec.uem.mz\/index.php\/wp-json\/wp\/v2\/comments?post=206"}],"version-history":[{"count":20,"href":"https:\/\/www.esnec.uem.mz\/index.php\/wp-json\/wp\/v2\/pages\/206\/revisions"}],"predecessor-version":[{"id":714,"href":"https:\/\/www.esnec.uem.mz\/index.php\/wp-json\/wp\/v2\/pages\/206\/revisions\/714"}],"wp:attachment":[{"href":"https:\/\/www.esnec.uem.mz\/index.php\/wp-json\/wp\/v2\/media?parent=206"}],"curies":[{"name":"wp","href":"https:\/\/api.w.org\/{rel}","templated":true}]}}