{"id":378,"date":"2024-09-11T12:17:30","date_gmt":"2024-09-11T12:17:30","guid":{"rendered":"https:\/\/esnec.ghost.uem.mz\/?page_id=378"},"modified":"2025-03-11T11:45:05","modified_gmt":"2025-03-11T11:45:05","slug":"orgaos-colegiais","status":"publish","type":"page","link":"https:\/\/www.esnec.uem.mz\/index.php\/orgaos-colegiais\/","title":{"rendered":"\u00d3rg\u00e3os Colegiais"},"content":{"rendered":"\t\t<div data-elementor-type=\"wp-page\" data-elementor-id=\"378\" class=\"elementor elementor-378\" data-elementor-post-type=\"page\">\n\t\t\t\t<div class=\"elementor-element elementor-element-2910054 e-flex e-con-boxed e-con e-parent\" data-id=\"2910054\" data-element_type=\"container\">\n\t\t\t\t\t<div class=\"e-con-inner\">\n\t\t\t\t<div class=\"elementor-element elementor-element-51dfdb5 elementor-widget elementor-widget-text-editor\" data-id=\"51dfdb5\" data-element_type=\"widget\" data-widget_type=\"text-editor.default\">\n\t\t\t\t<div class=\"elementor-widget-container\">\n\t\t\t\t\t\t\t\t\t<h1><strong>Conselho de Escola<\/strong><\/h1><p>O Conselho de Escola \u00e9 o \u00f3rg\u00e3o superior de decis\u00e3o da ESNEC. O mesmo tem a seguinte composi\u00e7\u00e3o: a) Director da Escola; b) Directores-adjuntos; c) Administrador da Escola; d) Um representante de chefes de Departamentos Acad\u00e9micos; e) Um (1) Director de Centro Interno eleito pelos seus pares; f) Dois (2) representantes de Professores eleitos pelos seus pares; g) Dois (2) representantes de Investigadores eleitos pelos seus pares; h) Dois (2) representantes de Assistentes eleitos pelos seus pares; i) Um (1) representante do Corpo T\u00e9cnico Administrativo eleito pelos seus pares; j) Dois (2) representantes de Estudantes da ESNEC dos quais um dos cursos de gradua\u00e7\u00e3o e outros dos cursos de p\u00f3s-gradua\u00e7\u00e3o; k) Um (1) representante dos\u00a0<em>Alumni\u00a0<\/em>ESNEC em exerc\u00edcio profissional nas areas de voca\u00e7\u00e3o da ESNEC; i) Um (1) representante do \u00f3rg\u00e3o local do Estado; m) Um (1) representante do \u00f3rg\u00e3o do poder local; e n) Dois (2) representantes de institui\u00e7\u00f5es externas do sector produtivo relevantes para a \u00e1rea de forma\u00e7\u00e3o da ESNEC.<\/p><h1><b>Conselho de Direc\u00e7\u00e3o<\/b><\/h1><p>O Conselho de Direc\u00e7\u00e3o da ESNEC \u00e9 o \u00f3rg\u00e3o de consulta, apoio e assist\u00eancia ao Director para a gest\u00e3o corrente da Escola. O mesmo tem a seguinte composi\u00e7\u00e3o: a) Director da Escola; b) Directores-Adjuntos; c) Administrador da ESNEC; d) Chefes de Departamentos Acad\u00e9micos; e) Directores de Cursos; f) Directores de Centros Internos da ESNEC; g) Um representante dos Chefes das Unidades de Apoio \u00e1 Gestao Academica; e h) Um representante dos Chefes das Unidades de Gestao Administrativa.<\/p><h1><strong>Conselho Pedag\u00f3gico<\/strong><\/h1><p>O conselho pedag\u00f3gico \u00e9 o \u00f3rg\u00e3o consultivo e de apoio ao Conselho de Escola e ao Director da Escola, em mat\u00e9rias relacionadas com a gest\u00e3o pedag\u00f3gica ao n\u00edvel dos cursos de Gradua\u00e7\u00e3o e de P\u00f3s-graduacao na ESNEC.<\/p><p>O Conselho Pedag\u00f3gico da ESNEC tem a composi\u00e7\u00e3o seguinte: a) Director-adjunto para Gradua\u00e7\u00e3o; b) Director-adjunto para P\u00f3s-graducao; c) Directores de Centros Internos da ESNEC; d) Chefes de Departamentos Acad\u00e9micos; e) Directores de Cursos de Gradua\u00e7\u00e3o; f) Dois (2) representantes de cada categoria da Carreira Docente Universit\u00e1ria eleitos pelos seus respectivos pares; g) Dois (2) representantes de Investigadores eleitos pelos seus pares; e h) Um representante dos Chefes das Unidades de Apoio a Gestao Acad\u00e9mica eleito pelos seus pares.<\/p><h1><strong>Conselho Cient\u00edfico<\/strong><\/h1><p>O Conselho Cient\u00edfico \u00e9 o \u00f3rg\u00e3o consultivo, de apoio e assist\u00eancia ao Conselho da Escola e ao Director da Escola em mat\u00e9rias relacionadas com a gest\u00e3o cient\u00edfica na ESNEC. O mesmo tem a seguinte composi\u00e7\u00e3o: a) Director-adjunto para Investiga\u00e7\u00e3o e Extens\u00e3o; b) Director-adjunto para P\u00f3s-graduacao; c) Chefe da Comiss\u00e3o Cient\u00edfico-Pedagogica; d) Dois (2) representantes de cada categoria da Carreira Investigador eleitos pelos seus respectivos pares e e) Um (1) representante de cada uma das categorias de docentes em exerc\u00edcio na ESNEC com comprovada experi\u00eancia de investiga\u00e7\u00e3o e publica\u00e7\u00f5es, eleito pelos seus pares.<\/p>\t\t\t\t\t\t\t\t<\/div>\n\t\t\t\t<\/div>\n\t\t\t\t\t<\/div>\n\t\t\t\t<\/div>\n\t\t\t\t<\/div>\n\t\t","protected":false},"excerpt":{"rendered":"<p>Conselho de Escola O Conselho de Escola \u00e9 o \u00f3rg\u00e3o superior de decis\u00e3o da ESNEC. O mesmo tem a seguinte [&hellip;]<\/p>\n","protected":false},"author":1,"featured_media":0,"parent":0,"menu_order":0,"comment_status":"closed","ping_status":"closed","template":"","meta":{"site-sidebar-layout":"no-sidebar","site-content-layout":"","ast-site-content-layout":"full-width-container","site-content-style":"default","site-sidebar-style":"default","ast-global-header-display":"","ast-banner-title-visibility":"","ast-main-header-display":"","ast-hfb-above-header-display":"","ast-hfb-below-header-display":"","ast-hfb-mobile-header-display":"","site-post-title":"disabled","ast-breadcrumbs-content":"","ast-featured-img":"disabled","footer-sml-layout":"","theme-transparent-header-meta":"","adv-header-id-meta":"","stick-header-meta":"","header-above-stick-meta":"","header-main-stick-meta":"","header-below-stick-meta":"","astra-migrate-meta-layouts":"default","ast-page-background-enabled":"default","ast-page-background-meta":{"desktop":{"background-color":"var(--ast-global-color-4)","background-image":"","background-repeat":"repeat","background-position":"center center","background-size":"auto","background-attachment":"scroll","background-type":"","background-media":"","overlay-type":"","overlay-color":"","overlay-opacity":"","overlay-gradient":""},"tablet":{"background-color":"","background-image":"","background-repeat":"repeat","background-position":"center center","background-size":"auto","background-attachment":"scroll","background-type":"","background-media":"","overlay-type":"","overlay-color":"","overlay-opacity":"","overlay-gradient":""},"mobile":{"background-color":"","background-image":"","background-repeat":"repeat","background-position":"center center","background-size":"auto","background-attachment":"scroll","background-type":"","background-media":"","overlay-type":"","overlay-color":"","overlay-opacity":"","overlay-gradient":""}},"ast-content-background-meta":{"desktop":{"background-color":"var(--ast-global-color-5)","background-image":"","background-repeat":"repeat","background-position":"center center","background-size":"auto","background-attachment":"scroll","background-type":"","background-media":"","overlay-type":"","overlay-color":"","overlay-opacity":"","overlay-gradient":""},"tablet":{"background-color":"var(--ast-global-color-5)","background-image":"","background-repeat":"repeat","background-position":"center center","background-size":"auto","background-attachment":"scroll","background-type":"","background-media":"","overlay-type":"","overlay-color":"","overlay-opacity":"","overlay-gradient":""},"mobile":{"background-color":"var(--ast-global-color-5)","background-image":"","background-repeat":"repeat","background-position":"center center","background-size":"auto","background-attachment":"scroll","background-type":"","background-media":"","overlay-type":"","overlay-color":"","overlay-opacity":"","overlay-gradient":""}},"footnotes":""},"class_list":["post-378","page","type-page","status-publish","hentry"],"_links":{"self":[{"href":"https:\/\/www.esnec.uem.mz\/index.php\/wp-json\/wp\/v2\/pages\/378","targetHints":{"allow":["GET"]}}],"collection":[{"href":"https:\/\/www.esnec.uem.mz\/index.php\/wp-json\/wp\/v2\/pages"}],"about":[{"href":"https:\/\/www.esnec.uem.mz\/index.php\/wp-json\/wp\/v2\/types\/page"}],"author":[{"embeddable":true,"href":"https:\/\/www.esnec.uem.mz\/index.php\/wp-json\/wp\/v2\/users\/1"}],"replies":[{"embeddable":true,"href":"https:\/\/www.esnec.uem.mz\/index.php\/wp-json\/wp\/v2\/comments?post=378"}],"version-history":[{"count":7,"href":"https:\/\/www.esnec.uem.mz\/index.php\/wp-json\/wp\/v2\/pages\/378\/revisions"}],"predecessor-version":[{"id":756,"href":"https:\/\/www.esnec.uem.mz\/index.php\/wp-json\/wp\/v2\/pages\/378\/revisions\/756"}],"wp:attachment":[{"href":"https:\/\/www.esnec.uem.mz\/index.php\/wp-json\/wp\/v2\/media?parent=378"}],"curies":[{"name":"wp","href":"https:\/\/api.w.org\/{rel}","templated":true}]}}