{"id":411,"date":"2024-09-11T12:46:56","date_gmt":"2024-09-11T12:46:56","guid":{"rendered":"https:\/\/esnec.ghost.uem.mz\/?page_id=411"},"modified":"2024-09-12T10:37:17","modified_gmt":"2024-09-12T10:37:17","slug":"licenciatura-em-gestao-de-empresas","status":"publish","type":"page","link":"https:\/\/www.esnec.uem.mz\/index.php\/licenciatura-em-gestao-de-empresas\/","title":{"rendered":"Licenciatura em Gest\u00e3o de Empresas"},"content":{"rendered":"\t\t<div data-elementor-type=\"wp-page\" data-elementor-id=\"411\" class=\"elementor elementor-411\" data-elementor-post-type=\"page\">\n\t\t\t\t<div class=\"elementor-element elementor-element-4a5d781 e-flex e-con-boxed e-con e-parent\" data-id=\"4a5d781\" data-element_type=\"container\">\n\t\t\t\t\t<div class=\"e-con-inner\">\n\t\t\t\t<div class=\"elementor-element elementor-element-5eeaf78 elementor-widget elementor-widget-text-editor\" data-id=\"5eeaf78\" data-element_type=\"widget\" data-widget_type=\"text-editor.default\">\n\t\t\t\t<div class=\"elementor-widget-container\">\n\t\t\t\t\t\t\t\t\t<p>A actual conjuntura do pa\u00eds, em rela\u00e7\u00e3o as pol\u00edticas econ\u00f3micas vigentes reconhece que a alavanca para o desenvolvimento da economia nacional reside na capacidade das empresas, das institui\u00e7\u00f5es governamentais e n\u00e3o-governamentais adoptarem princ\u00edpios e t\u00e9cnicas de gest\u00e3o modernas que permitam que estas se desenvolvam facilmente, num quadro de elevada competitividade empresarial. Com efeito, o curso de licenciatura em gest\u00e3o de empresas visa dotar os graduados de compet\u00eancias t\u00e9cnicas e cient\u00edficas capazes de solucionar os problemas que as empresas em Mo\u00e7ambique enfrentam relacionadas com planifica\u00e7\u00e3o, organiza\u00e7\u00e3o, lideran\u00e7a, controle e execu\u00e7\u00e3o de actividades que prop\u00edciam o crescimento e desenvolvimento do neg\u00f3cio.\u00a0<\/p><p><a href=\"https:\/\/www.esnec.uem.mz\/wp-content\/uploads\/2024\/09\/Curr_culo-de-Licenciatura-em-Gest_o-de-Empresas.pdf\">Clique aqui para baixar o curriculo completo<\/a><\/p>\t\t\t\t\t\t\t\t<\/div>\n\t\t\t\t<\/div>\n\t\t\t\t\t<\/div>\n\t\t\t\t<\/div>\n\t\t\t\t<\/div>\n\t\t","protected":false},"excerpt":{"rendered":"<p>A actual conjuntura do pa\u00eds, em rela\u00e7\u00e3o as pol\u00edticas econ\u00f3micas vigentes reconhece que a alavanca para o desenvolvimento da economia [&hellip;]<\/p>\n","protected":false},"author":2,"featured_media":0,"parent":0,"menu_order":0,"comment_status":"closed","ping_status":"closed","template":"","meta":{"site-sidebar-layout":"no-sidebar","site-content-layout":"","ast-site-content-layout":"full-width-container","site-content-style":"default","site-sidebar-style":"default","ast-global-header-display":"","ast-banner-title-visibility":"","ast-main-header-display":"","ast-hfb-above-header-display":"","ast-hfb-below-header-display":"","ast-hfb-mobile-header-display":"","site-post-title":"disabled","ast-breadcrumbs-content":"","ast-featured-img":"disabled","footer-sml-layout":"","theme-transparent-header-meta":"","adv-header-id-meta":"","stick-header-meta":"","header-above-stick-meta":"","header-main-stick-meta":"","header-below-stick-meta":"","astra-migrate-meta-layouts":"default","ast-page-background-enabled":"default","ast-page-background-meta":{"desktop":{"background-color":"var(--ast-global-color-4)","background-image":"","background-repeat":"repeat","background-position":"center center","background-size":"auto","background-attachment":"scroll","background-type":"","background-media":"","overlay-type":"","overlay-color":"","overlay-opacity":"","overlay-gradient":""},"tablet":{"background-color":"","background-image":"","background-repeat":"repeat","background-position":"center center","background-size":"auto","background-attachment":"scroll","background-type":"","background-media":"","overlay-type":"","overlay-color":"","overlay-opacity":"","overlay-gradient":""},"mobile":{"background-color":"","background-image":"","background-repeat":"repeat","background-position":"center center","background-size":"auto","background-attachment":"scroll","background-type":"","background-media":"","overlay-type":"","overlay-color":"","overlay-opacity":"","overlay-gradient":""}},"ast-content-background-meta":{"desktop":{"background-color":"var(--ast-global-color-5)","background-image":"","background-repeat":"repeat","background-position":"center center","background-size":"auto","background-attachment":"scroll","background-type":"","background-media":"","overlay-type":"","overlay-color":"","overlay-opacity":"","overlay-gradient":""},"tablet":{"background-color":"var(--ast-global-color-5)","background-image":"","background-repeat":"repeat","background-position":"center center","background-size":"auto","background-attachment":"scroll","background-type":"","background-media":"","overlay-type":"","overlay-color":"","overlay-opacity":"","overlay-gradient":""},"mobile":{"background-color":"var(--ast-global-color-5)","background-image":"","background-repeat":"repeat","background-position":"center center","background-size":"auto","background-attachment":"scroll","background-type":"","background-media":"","overlay-type":"","overlay-color":"","overlay-opacity":"","overlay-gradient":""}},"footnotes":""},"class_list":["post-411","page","type-page","status-publish","hentry"],"_links":{"self":[{"href":"https:\/\/www.esnec.uem.mz\/index.php\/wp-json\/wp\/v2\/pages\/411","targetHints":{"allow":["GET"]}}],"collection":[{"href":"https:\/\/www.esnec.uem.mz\/index.php\/wp-json\/wp\/v2\/pages"}],"about":[{"href":"https:\/\/www.esnec.uem.mz\/index.php\/wp-json\/wp\/v2\/types\/page"}],"author":[{"embeddable":true,"href":"https:\/\/www.esnec.uem.mz\/index.php\/wp-json\/wp\/v2\/users\/2"}],"replies":[{"embeddable":true,"href":"https:\/\/www.esnec.uem.mz\/index.php\/wp-json\/wp\/v2\/comments?post=411"}],"version-history":[{"count":13,"href":"https:\/\/www.esnec.uem.mz\/index.php\/wp-json\/wp\/v2\/pages\/411\/revisions"}],"predecessor-version":[{"id":598,"href":"https:\/\/www.esnec.uem.mz\/index.php\/wp-json\/wp\/v2\/pages\/411\/revisions\/598"}],"wp:attachment":[{"href":"https:\/\/www.esnec.uem.mz\/index.php\/wp-json\/wp\/v2\/media?parent=411"}],"curies":[{"name":"wp","href":"https:\/\/api.w.org\/{rel}","templated":true}]}}