{"id":561,"date":"2024-09-12T09:46:28","date_gmt":"2024-09-12T09:46:28","guid":{"rendered":"https:\/\/esnec.ghost.uem.mz\/?page_id=561"},"modified":"2024-09-12T09:51:28","modified_gmt":"2024-09-12T09:51:28","slug":"noticias","status":"publish","type":"page","link":"https:\/\/www.esnec.uem.mz\/index.php\/noticias\/","title":{"rendered":"Eventos e Not\u00edcias"},"content":{"rendered":"\t\t<div data-elementor-type=\"wp-page\" data-elementor-id=\"561\" class=\"elementor elementor-561\" data-elementor-post-type=\"page\">\n\t\t\t\t<div class=\"elementor-element elementor-element-ed79cd6 e-flex e-con-boxed e-con e-parent\" data-id=\"ed79cd6\" data-element_type=\"container\">\n\t\t\t\t\t<div class=\"e-con-inner\">\n\t\t\t\t<div class=\"elementor-element elementor-element-967663a elementor-grid-3 elementor-grid-tablet-2 elementor-grid-mobile-1 elementor-posts--thumbnail-top elementor-card-shadow-yes elementor-posts__hover-gradient elementor-widget elementor-widget-posts\" data-id=\"967663a\" data-element_type=\"widget\" data-settings=\"{&quot;cards_columns&quot;:&quot;3&quot;,&quot;cards_columns_tablet&quot;:&quot;2&quot;,&quot;cards_columns_mobile&quot;:&quot;1&quot;,&quot;cards_row_gap&quot;:{&quot;unit&quot;:&quot;px&quot;,&quot;size&quot;:35,&quot;sizes&quot;:[]},&quot;cards_row_gap_tablet&quot;:{&quot;unit&quot;:&quot;px&quot;,&quot;size&quot;:&quot;&quot;,&quot;sizes&quot;:[]},&quot;cards_row_gap_mobile&quot;:{&quot;unit&quot;:&quot;px&quot;,&quot;size&quot;:&quot;&quot;,&quot;sizes&quot;:[]}}\" data-widget_type=\"posts.cards\">\n\t\t\t\t<div class=\"elementor-widget-container\">\n\t\t\t\t\t\t\t<div class=\"elementor-posts-container elementor-posts elementor-posts--skin-cards elementor-grid\">\n\t\t\t\t<article class=\"elementor-post elementor-grid-item post-777 post type-post status-publish format-standard has-post-thumbnail hentry category-noticias\">\n\t\t\t<div class=\"elementor-post__card\">\n\t\t\t\t<a class=\"elementor-post__thumbnail__link\" href=\"https:\/\/www.esnec.uem.mz\/index.php\/2025\/08\/14\/esnec-tem-novo-director\/\" tabindex=\"-1\" ><div class=\"elementor-post__thumbnail\"><img fetchpriority=\"high\" decoding=\"async\" width=\"300\" height=\"225\" src=\"https:\/\/www.esnec.uem.mz\/wp-content\/uploads\/2025\/08\/IMG-20250805-WA0103-300x225.jpg\" class=\"attachment-medium size-medium wp-image-779\" alt=\"\" srcset=\"https:\/\/www.esnec.uem.mz\/wp-content\/uploads\/2025\/08\/IMG-20250805-WA0103-300x225.jpg 300w, https:\/\/www.esnec.uem.mz\/wp-content\/uploads\/2025\/08\/IMG-20250805-WA0103-1024x768.jpg 1024w, https:\/\/www.esnec.uem.mz\/wp-content\/uploads\/2025\/08\/IMG-20250805-WA0103-768x576.jpg 768w, https:\/\/www.esnec.uem.mz\/wp-content\/uploads\/2025\/08\/IMG-20250805-WA0103-1536x1152.jpg 1536w, https:\/\/www.esnec.uem.mz\/wp-content\/uploads\/2025\/08\/IMG-20250805-WA0103.jpg 1600w\" sizes=\"(max-width: 300px) 100vw, 300px\" \/><\/div><\/a>\n\t\t\t\t<div class=\"elementor-post__badge\">Not\u00edcias<\/div>\n\t\t\t\t<div class=\"elementor-post__text\">\n\t\t\t\t<h3 class=\"elementor-post__title\">\n\t\t\t<a href=\"https:\/\/www.esnec.uem.mz\/index.php\/2025\/08\/14\/esnec-tem-novo-director\/\" >\n\t\t\t\tESNEC tem Novo Director\t\t\t<\/a>\n\t\t<\/h3>\n\t\t\t\t<div class=\"elementor-post__excerpt\">\n\t\t\t<p>A Escola Superior de Neg\u00f3cios e Empreendedorismo de Chibuto (ESNEC), realizou no passado dia 05 de Agosto de 2025, a cerim\u00f4nia solene de entrega de pastas ao seu novo Director, trata-se de Prof. Doutor David Alberto Seth Langa, docente e investigador da Universidade Eduardo Mondlane (UEM), nomeado por meio de despacho do Magnifico Reitor da UEM, datado de 30 de<\/p>\n\t\t<\/div>\n\t\t\n\t\t<a class=\"elementor-post__read-more\" href=\"https:\/\/www.esnec.uem.mz\/index.php\/2025\/08\/14\/esnec-tem-novo-director\/\" aria-label=\"Read more about ESNEC tem Novo Director\" tabindex=\"-1\" >\n\t\t\tLer mais\u00bb\t\t<\/a>\n\n\t\t\t\t<\/div>\n\t\t\t\t<div class=\"elementor-post__meta-data\">\n\t\t\t\t\t<span class=\"elementor-post-date\">\n\t\t\tAgosto 14, 2025\t\t<\/span>\n\t\t\t\t<span class=\"elementor-post-avatar\">\n\t\t\tSem coment\u00e1rios\t\t<\/span>\n\t\t\t\t<\/div>\n\t\t\t\t\t<\/div>\n\t\t<\/article>\n\t\t\t\t<article class=\"elementor-post elementor-grid-item post-762 post type-post status-publish format-standard has-post-thumbnail hentry category-noticias\">\n\t\t\t<div class=\"elementor-post__card\">\n\t\t\t\t<a class=\"elementor-post__thumbnail__link\" href=\"https:\/\/www.esnec.uem.mz\/index.php\/2025\/03\/14\/finalistas-da-esnec-intensificam-a-realizacao-do-trabalho-de-culminacao-de-curso\/\" tabindex=\"-1\" ><div class=\"elementor-post__thumbnail\"><img decoding=\"async\" width=\"300\" height=\"160\" src=\"https:\/\/www.esnec.uem.mz\/wp-content\/uploads\/2025\/03\/IMG-20241113-WA0006-300x160.jpg\" class=\"attachment-medium size-medium wp-image-763\" alt=\"\" srcset=\"https:\/\/www.esnec.uem.mz\/wp-content\/uploads\/2025\/03\/IMG-20241113-WA0006-300x160.jpg 300w, https:\/\/www.esnec.uem.mz\/wp-content\/uploads\/2025\/03\/IMG-20241113-WA0006-1024x546.jpg 1024w, https:\/\/www.esnec.uem.mz\/wp-content\/uploads\/2025\/03\/IMG-20241113-WA0006-768x410.jpg 768w, https:\/\/www.esnec.uem.mz\/wp-content\/uploads\/2025\/03\/IMG-20241113-WA0006.jpg 1280w\" sizes=\"(max-width: 300px) 100vw, 300px\" \/><\/div><\/a>\n\t\t\t\t<div class=\"elementor-post__badge\">Not\u00edcias<\/div>\n\t\t\t\t<div class=\"elementor-post__text\">\n\t\t\t\t<h3 class=\"elementor-post__title\">\n\t\t\t<a href=\"https:\/\/www.esnec.uem.mz\/index.php\/2025\/03\/14\/finalistas-da-esnec-intensificam-a-realizacao-do-trabalho-de-culminacao-de-curso\/\" >\n\t\t\t\tFinalistas da ESNEC intensificam a realiza\u00e7\u00e3o do trabalho de culmina\u00e7\u00e3o de curso\t\t\t<\/a>\n\t\t<\/h3>\n\t\t\t\t<div class=\"elementor-post__excerpt\">\n\t\t\t<p>Finalistas dos diferentes cursos de licenciatura ofertados pela Escola Superior de Neg\u00f3cios e Empreendedorismo de Chibuto (ESNEC) redobram os esfor\u00e7os para culminar os respectivos trabalhos de culmina\u00e7\u00e3o do curso em meio a altera\u00e7\u00e3o da habitual data da cerim\u00f4nia de gradua\u00e7\u00e3o da ESNEC.&nbsp; De acordo com o calend\u00e1rio acad\u00e9mico da UEM 2025, para o presente ano lectivo, a cerim\u00f3nia de gradua\u00e7\u00e3o<\/p>\n\t\t<\/div>\n\t\t\n\t\t<a class=\"elementor-post__read-more\" href=\"https:\/\/www.esnec.uem.mz\/index.php\/2025\/03\/14\/finalistas-da-esnec-intensificam-a-realizacao-do-trabalho-de-culminacao-de-curso\/\" aria-label=\"Read more about Finalistas da ESNEC intensificam a realiza\u00e7\u00e3o do trabalho de culmina\u00e7\u00e3o de curso\" tabindex=\"-1\" >\n\t\t\tLer mais\u00bb\t\t<\/a>\n\n\t\t\t\t<\/div>\n\t\t\t\t<div class=\"elementor-post__meta-data\">\n\t\t\t\t\t<span class=\"elementor-post-date\">\n\t\t\tMar\u00e7o 14, 2025\t\t<\/span>\n\t\t\t\t<span class=\"elementor-post-avatar\">\n\t\t\tSem coment\u00e1rios\t\t<\/span>\n\t\t\t\t<\/div>\n\t\t\t\t\t<\/div>\n\t\t<\/article>\n\t\t\t\t<article class=\"elementor-post elementor-grid-item post-187 post type-post status-publish format-standard has-post-thumbnail hentry category-noticias\">\n\t\t\t<div class=\"elementor-post__card\">\n\t\t\t\t<a class=\"elementor-post__thumbnail__link\" href=\"https:\/\/www.esnec.uem.mz\/index.php\/2024\/09\/07\/mobilidade-de-estudante-na-universidade-de-lisboa-portugal-ano-2024-2025\/\" tabindex=\"-1\" ><div class=\"elementor-post__thumbnail\"><img decoding=\"async\" width=\"300\" height=\"127\" src=\"https:\/\/www.esnec.uem.mz\/wp-content\/uploads\/2024\/09\/RecepcaoestudantesKalisz1.jpg\" class=\"attachment-medium size-medium wp-image-189\" alt=\"\" \/><\/div><\/a>\n\t\t\t\t<div class=\"elementor-post__badge\">Not\u00edcias<\/div>\n\t\t\t\t<div class=\"elementor-post__text\">\n\t\t\t\t<h3 class=\"elementor-post__title\">\n\t\t\t<a href=\"https:\/\/www.esnec.uem.mz\/index.php\/2024\/09\/07\/mobilidade-de-estudante-na-universidade-de-lisboa-portugal-ano-2024-2025\/\" >\n\t\t\t\tMobilidade de Estudante na Universidade de Lisboa \u2013 Portugal (ano 2024\/2025)\t\t\t<\/a>\n\t\t<\/h3>\n\t\t\t\t<div class=\"elementor-post__excerpt\">\n\t\t\t<p>No \u00e2mbito do Programa Erasmus+ (Key Action 171), a Universidade de Lisboa (Portugal) tem dispon\u00edveis fundos para financiar 1 estudante da Universidade Eduardo Mondlane (UEM) para fazer mobilidade acad\u00e9mica para aquisi\u00e7\u00e3o de cr\u00e9ditos acad\u00e9micos Para mais detalhes veja o documento a seguir:<\/p>\n\t\t<\/div>\n\t\t\n\t\t<a class=\"elementor-post__read-more\" href=\"https:\/\/www.esnec.uem.mz\/index.php\/2024\/09\/07\/mobilidade-de-estudante-na-universidade-de-lisboa-portugal-ano-2024-2025\/\" aria-label=\"Read more about Mobilidade de Estudante na Universidade de Lisboa \u2013 Portugal (ano 2024\/2025)\" tabindex=\"-1\" >\n\t\t\tLer mais\u00bb\t\t<\/a>\n\n\t\t\t\t<\/div>\n\t\t\t\t<div class=\"elementor-post__meta-data\">\n\t\t\t\t\t<span class=\"elementor-post-date\">\n\t\t\tSetembro 7, 2024\t\t<\/span>\n\t\t\t\t<span class=\"elementor-post-avatar\">\n\t\t\tSem coment\u00e1rios\t\t<\/span>\n\t\t\t\t<\/div>\n\t\t\t\t\t<\/div>\n\t\t<\/article>\n\t\t\t\t<article class=\"elementor-post elementor-grid-item post-184 post type-post status-publish format-standard has-post-thumbnail hentry category-noticias\">\n\t\t\t<div class=\"elementor-post__card\">\n\t\t\t\t<a class=\"elementor-post__thumbnail__link\" href=\"https:\/\/www.esnec.uem.mz\/index.php\/2024\/09\/07\/universidade-deve-perceber-as-dinamicas-do-mercado-defendem-painelistas\/\" tabindex=\"-1\" ><div class=\"elementor-post__thumbnail\"><img loading=\"lazy\" decoding=\"async\" width=\"300\" height=\"187\" src=\"https:\/\/www.esnec.uem.mz\/wp-content\/uploads\/2024\/09\/empregabilidade_dos_graduados_da_uem.jpg\" class=\"attachment-medium size-medium wp-image-186\" alt=\"\" \/><\/div><\/a>\n\t\t\t\t<div class=\"elementor-post__badge\">Not\u00edcias<\/div>\n\t\t\t\t<div class=\"elementor-post__text\">\n\t\t\t\t<h3 class=\"elementor-post__title\">\n\t\t\t<a href=\"https:\/\/www.esnec.uem.mz\/index.php\/2024\/09\/07\/universidade-deve-perceber-as-dinamicas-do-mercado-defendem-painelistas\/\" >\n\t\t\t\tUniversidade deve perceber as din\u00e2micas do mercado: defendem painelistas\t\t\t<\/a>\n\t\t<\/h3>\n\t\t\t\t<div class=\"elementor-post__excerpt\">\n\t\t\t<p>O Engenheiro Rog\u00e9rio Samo Gudo, PCA do MCNET, defendeu o esp\u00edrito empreendedor e inovador nos graduados, para aumentarem as suas possibilidades em adquirirem e se manterem no emprego. Samo Gudo apelou aos formados que procurem, primeiro, as pequenas empresas para receberem a aten\u00e7\u00e3o directa e necess\u00e1ria de um l\u00edder, porquanto nas grandes companhias n\u00e3o existe tal aten\u00e7\u00e3o, devido a um<\/p>\n\t\t<\/div>\n\t\t\n\t\t<a class=\"elementor-post__read-more\" href=\"https:\/\/www.esnec.uem.mz\/index.php\/2024\/09\/07\/universidade-deve-perceber-as-dinamicas-do-mercado-defendem-painelistas\/\" aria-label=\"Read more about Universidade deve perceber as din\u00e2micas do mercado: defendem painelistas\" tabindex=\"-1\" >\n\t\t\tLer mais\u00bb\t\t<\/a>\n\n\t\t\t\t<\/div>\n\t\t\t\t<div class=\"elementor-post__meta-data\">\n\t\t\t\t\t<span class=\"elementor-post-date\">\n\t\t\tSetembro 7, 2024\t\t<\/span>\n\t\t\t\t<span class=\"elementor-post-avatar\">\n\t\t\tSem coment\u00e1rios\t\t<\/span>\n\t\t\t\t<\/div>\n\t\t\t\t\t<\/div>\n\t\t<\/article>\n\t\t\t\t<article class=\"elementor-post elementor-grid-item post-181 post type-post status-publish format-standard has-post-thumbnail hentry category-noticias\">\n\t\t\t<div class=\"elementor-post__card\">\n\t\t\t\t<a class=\"elementor-post__thumbnail__link\" href=\"https:\/\/www.esnec.uem.mz\/index.php\/2024\/09\/07\/expandir-horizontes-da-educacao-com-recurso-a-inteligencia-artificial\/\" tabindex=\"-1\" ><div class=\"elementor-post__thumbnail\"><img loading=\"lazy\" decoding=\"async\" width=\"300\" height=\"228\" src=\"https:\/\/www.esnec.uem.mz\/wp-content\/uploads\/2024\/09\/twtd_2024.jpg\" class=\"attachment-medium size-medium wp-image-182\" alt=\"\" \/><\/div><\/a>\n\t\t\t\t<div class=\"elementor-post__badge\">Not\u00edcias<\/div>\n\t\t\t\t<div class=\"elementor-post__text\">\n\t\t\t\t<h3 class=\"elementor-post__title\">\n\t\t\t<a href=\"https:\/\/www.esnec.uem.mz\/index.php\/2024\/09\/07\/expandir-horizontes-da-educacao-com-recurso-a-inteligencia-artificial\/\" >\n\t\t\t\tExpandir horizontes da educa\u00e7\u00e3o com recurso \u00e0 Intelig\u00eancia Artificial\t\t\t<\/a>\n\t\t<\/h3>\n\t\t\t\t<div class=\"elementor-post__excerpt\">\n\t\t\t<p>\u00c9 com esta vis\u00e3o futurista que os participantes de uma palestra subordinada ao tema \u201cTransformando a Educa\u00e7\u00e3o em Clima e Sa\u00fade: como a Aprendizagem de M\u00e1quina pode ajudar a antecipar o quase-imprevis\u00edvel\u201d saem da 4\u00aa Edi\u00e7\u00e3o do Dia do Ensino com Recurso \u00e0 Tecnologia, havida esta Sexta-feira, no Campus Principal da Universidade Eduardo Mondlane. \u201cO caminho a seguir passa pelo<\/p>\n\t\t<\/div>\n\t\t\n\t\t<a class=\"elementor-post__read-more\" href=\"https:\/\/www.esnec.uem.mz\/index.php\/2024\/09\/07\/expandir-horizontes-da-educacao-com-recurso-a-inteligencia-artificial\/\" aria-label=\"Read more about Expandir horizontes da educa\u00e7\u00e3o com recurso \u00e0 Intelig\u00eancia Artificial\" tabindex=\"-1\" >\n\t\t\tLer mais\u00bb\t\t<\/a>\n\n\t\t\t\t<\/div>\n\t\t\t\t<div class=\"elementor-post__meta-data\">\n\t\t\t\t\t<span class=\"elementor-post-date\">\n\t\t\tSetembro 7, 2024\t\t<\/span>\n\t\t\t\t<span class=\"elementor-post-avatar\">\n\t\t\tSem coment\u00e1rios\t\t<\/span>\n\t\t\t\t<\/div>\n\t\t\t\t\t<\/div>\n\t\t<\/article>\n\t\t\t\t<\/div>\n\t\t\n\t\t\t\t\t\t<\/div>\n\t\t\t\t<\/div>\n\t\t\t\t\t<\/div>\n\t\t\t\t<\/div>\n\t\t\t\t<\/div>\n\t\t","protected":false},"excerpt":{"rendered":"","protected":false},"author":1,"featured_media":0,"parent":0,"menu_order":0,"comment_status":"closed","ping_status":"closed","template":"","meta":{"site-sidebar-layout":"no-sidebar","site-content-layout":"","ast-site-content-layout":"full-width-container","site-content-style":"default","site-sidebar-style":"default","ast-global-header-display":"","ast-banner-title-visibility":"","ast-main-header-display":"","ast-hfb-above-header-display":"","ast-hfb-below-header-display":"","ast-hfb-mobile-header-display":"","site-post-title":"disabled","ast-breadcrumbs-content":"","ast-featured-img":"disabled","footer-sml-layout":"","theme-transparent-header-meta":"","adv-header-id-meta":"","stick-header-meta":"","header-above-stick-meta":"","header-main-stick-meta":"","header-below-stick-meta":"","astra-migrate-meta-layouts":"default","ast-page-background-enabled":"default","ast-page-background-meta":{"desktop":{"background-color":"var(--ast-global-color-4)","background-image":"","background-repeat":"repeat","background-position":"center center","background-size":"auto","background-attachment":"scroll","background-type":"","background-media":"","overlay-type":"","overlay-color":"","overlay-opacity":"","overlay-gradient":""},"tablet":{"background-color":"","background-image":"","background-repeat":"repeat","background-position":"center center","background-size":"auto","background-attachment":"scroll","background-type":"","background-media":"","overlay-type":"","overlay-color":"","overlay-opacity":"","overlay-gradient":""},"mobile":{"background-color":"","background-image":"","background-repeat":"repeat","background-position":"center center","background-size":"auto","background-attachment":"scroll","background-type":"","background-media":"","overlay-type":"","overlay-color":"","overlay-opacity":"","overlay-gradient":""}},"ast-content-background-meta":{"desktop":{"background-color":"var(--ast-global-color-5)","background-image":"","background-repeat":"repeat","background-position":"center center","background-size":"auto","background-attachment":"scroll","background-type":"","background-media":"","overlay-type":"","overlay-color":"","overlay-opacity":"","overlay-gradient":""},"tablet":{"background-color":"var(--ast-global-color-5)","background-image":"","background-repeat":"repeat","background-position":"center center","background-size":"auto","background-attachment":"scroll","background-type":"","background-media":"","overlay-type":"","overlay-color":"","overlay-opacity":"","overlay-gradient":""},"mobile":{"background-color":"var(--ast-global-color-5)","background-image":"","background-repeat":"repeat","background-position":"center center","background-size":"auto","background-attachment":"scroll","background-type":"","background-media":"","overlay-type":"","overlay-color":"","overlay-opacity":"","overlay-gradient":""}},"footnotes":""},"class_list":["post-561","page","type-page","status-publish","hentry"],"_links":{"self":[{"href":"https:\/\/www.esnec.uem.mz\/index.php\/wp-json\/wp\/v2\/pages\/561","targetHints":{"allow":["GET"]}}],"collection":[{"href":"https:\/\/www.esnec.uem.mz\/index.php\/wp-json\/wp\/v2\/pages"}],"about":[{"href":"https:\/\/www.esnec.uem.mz\/index.php\/wp-json\/wp\/v2\/types\/page"}],"author":[{"embeddable":true,"href":"https:\/\/www.esnec.uem.mz\/index.php\/wp-json\/wp\/v2\/users\/1"}],"replies":[{"embeddable":true,"href":"https:\/\/www.esnec.uem.mz\/index.php\/wp-json\/wp\/v2\/comments?post=561"}],"version-history":[{"count":5,"href":"https:\/\/www.esnec.uem.mz\/index.php\/wp-json\/wp\/v2\/pages\/561\/revisions"}],"predecessor-version":[{"id":566,"href":"https:\/\/www.esnec.uem.mz\/index.php\/wp-json\/wp\/v2\/pages\/561\/revisions\/566"}],"wp:attachment":[{"href":"https:\/\/www.esnec.uem.mz\/index.php\/wp-json\/wp\/v2\/media?parent=561"}],"curies":[{"name":"wp","href":"https:\/\/api.w.org\/{rel}","templated":true}]}}